{"id":16873,"date":"2019-01-08T09:37:03","date_gmt":"2019-01-08T08:37:03","guid":{"rendered":"https:\/\/www.mattingofficewellness.se\/about-us\/aterforsaljaransokan\/"},"modified":"2022-01-25T11:52:02","modified_gmt":"2022-01-25T10:52:02","slug":"reseller-application","status":"publish","type":"page","link":"https:\/\/www.mattingofficewellness.se\/en\/about-us\/reseller-application\/","title":{"rendered":"Reseller application"},"content":{"rendered":"<p>[contact-form-7 id=&#8221;16872&#8243; title=&#8221;\u00c5terf\u00f6rs\u00e4ljarans\u00f6kan_EN&#8221;]<\/p>\n","protected":false},"excerpt":{"rendered":"[contact-form-7 id=&#8221;16872&#8243; title=&#8221;\u00c5terf\u00f6rs\u00e4ljarans\u00f6kan_EN&#8221;]","protected":false},"author":2,"featured_media":0,"parent":5568,"menu_order":0,"comment_status":"closed","ping_status":"closed","template":"","meta":{"_acf_changed":false,"footnotes":""},"yst_prominent_words":[522,524,523,520,525,526,527,521,528],"class_list":["post-16873","page","type-page","status-publish","hentry"],"acf":[],"_links":{"self":[{"href":"https:\/\/www.mattingofficewellness.se\/en\/wp-json\/wp\/v2\/pages\/16873","targetHints":{"allow":["GET"]}}],"collection":[{"href":"https:\/\/www.mattingofficewellness.se\/en\/wp-json\/wp\/v2\/pages"}],"about":[{"href":"https:\/\/www.mattingofficewellness.se\/en\/wp-json\/wp\/v2\/types\/page"}],"author":[{"embeddable":true,"href":"https:\/\/www.mattingofficewellness.se\/en\/wp-json\/wp\/v2\/users\/2"}],"replies":[{"embeddable":true,"href":"https:\/\/www.mattingofficewellness.se\/en\/wp-json\/wp\/v2\/comments?post=16873"}],"version-history":[{"count":0,"href":"https:\/\/www.mattingofficewellness.se\/en\/wp-json\/wp\/v2\/pages\/16873\/revisions"}],"up":[{"embeddable":true,"href":"https:\/\/www.mattingofficewellness.se\/en\/wp-json\/wp\/v2\/pages\/5568"}],"wp:attachment":[{"href":"https:\/\/www.mattingofficewellness.se\/en\/wp-json\/wp\/v2\/media?parent=16873"}],"wp:term":[{"taxonomy":"yst_prominent_words","embeddable":true,"href":"https:\/\/www.mattingofficewellness.se\/en\/wp-json\/wp\/v2\/yst_prominent_words?post=16873"}],"curies":[{"name":"wp","href":"https:\/\/api.w.org\/{rel}","templated":true}]}}