{"id":5966,"date":"2019-01-08T08:45:12","date_gmt":"2019-01-08T07:45:12","guid":{"rendered":"https:\/\/www.mattingofficewellness.se\/om-os\/reklamationsformular\/"},"modified":"2019-03-14T11:34:25","modified_gmt":"2019-03-14T10:34:25","slug":"reklamationsformular","status":"publish","type":"page","link":"https:\/\/www.mattingofficewellness.se\/da\/om-os\/reklamationsformular\/","title":{"rendered":"Reklamationsformular"},"content":{"rendered":"<p>Vores produkter er af h\u00f8j kvalitet, og vores m\u00e5tter er slidst\u00e6rke. Derfor giver vi 2 \u00e5rs fremstillings- og produktionsgaranti, i visse tilf\u00e6lde l\u00e6ngere. Garantien g\u00e6lder produktions- og fabrikationsfejl. G\u00e6lder ej normal slitage, beskadigelse eller d\u00e5rlig vedligeholdelse. Garantitiden regnes fra fakturadato.<\/p>\n<p>Hvis anmodning om en garantireparation ikke godkendes, skal kunden selv d\u00e6kke udgifterne til en eventuel reparation samt fragtomkostninger fra kunde til Matting AB.<\/p>\n<p><strong>Har du sp\u00f8rgsm\u00e5l, <\/strong>bedes du ringe til os p\u00e5 <strong>39 30 08 02\u00a0<\/strong>\u00a0eller sende en e-mail til <strong>info@matting.dk<\/strong>. Normal behandlingstid er p\u00e5 3-5 arbejdsdage.<\/p>\n<p>&nbsp;<\/p>\n<p>[contact-form-7 id=&#8221;5913&#8243; title=&#8221;Reklamationsformul\u00e4r DK&#8221;]<\/p>\n","protected":false},"excerpt":{"rendered":"Vores produkter er af h\u00f8j kvalitet, og vores m\u00e5tter er slidst\u00e6rke. Derfor giver vi 2 \u00e5rs fremstillings- og produktionsgaranti, i visse tilf\u00e6lde l\u00e6ngere. Garantien g\u00e6lder produktions- og fabrikationsfejl. G\u00e6lder ej normal slitage, beskadigelse eller d\u00e5rlig vedligeholdelse. Garantitiden regnes fra fakturadato. Hvis anmodning om en garantireparation ikke godkendes, skal kunden selv d\u00e6kke udgifterne til en eventuel [&#8230;] <a class=\"view-article\" href=\"https:\/\/www.mattingofficewellness.se\/da\/om-os\/reklamationsformular\/\">G\u00e5 till sidan<\/a>","protected":false},"author":2,"featured_media":0,"parent":4666,"menu_order":0,"comment_status":"closed","ping_status":"closed","template":"","meta":{"_acf_changed":false,"footnotes":""},"yst_prominent_words":[],"class_list":["post-5966","page","type-page","status-publish","hentry"],"acf":[],"_links":{"self":[{"href":"https:\/\/www.mattingofficewellness.se\/da\/wp-json\/wp\/v2\/pages\/5966","targetHints":{"allow":["GET"]}}],"collection":[{"href":"https:\/\/www.mattingofficewellness.se\/da\/wp-json\/wp\/v2\/pages"}],"about":[{"href":"https:\/\/www.mattingofficewellness.se\/da\/wp-json\/wp\/v2\/types\/page"}],"author":[{"embeddable":true,"href":"https:\/\/www.mattingofficewellness.se\/da\/wp-json\/wp\/v2\/users\/2"}],"replies":[{"embeddable":true,"href":"https:\/\/www.mattingofficewellness.se\/da\/wp-json\/wp\/v2\/comments?post=5966"}],"version-history":[{"count":0,"href":"https:\/\/www.mattingofficewellness.se\/da\/wp-json\/wp\/v2\/pages\/5966\/revisions"}],"up":[{"embeddable":true,"href":"https:\/\/www.mattingofficewellness.se\/da\/wp-json\/wp\/v2\/pages\/4666"}],"wp:attachment":[{"href":"https:\/\/www.mattingofficewellness.se\/da\/wp-json\/wp\/v2\/media?parent=5966"}],"wp:term":[{"taxonomy":"yst_prominent_words","embeddable":true,"href":"https:\/\/www.mattingofficewellness.se\/da\/wp-json\/wp\/v2\/yst_prominent_words?post=5966"}],"curies":[{"name":"wp","href":"https:\/\/api.w.org\/{rel}","templated":true}]}}