{"id":5944,"date":"2019-01-08T09:37:03","date_gmt":"2019-01-08T08:37:03","guid":{"rendered":"https:\/\/www.mattingofficewellness.se\/om-os\/aterforsaljaransokan\/"},"modified":"2019-02-01T13:05:41","modified_gmt":"2019-02-01T12:05:41","slug":"forhandleransogning","status":"publish","type":"page","link":"https:\/\/www.mattingofficewellness.se\/da\/om-os\/forhandleransogning\/","title":{"rendered":"Forhandlerans\u00f8gning"},"content":{"rendered":"<p>[contact-form-7 id=&#8221;5914&#8243; title=&#8221;\u00c5terf\u00f6rs\u00e4ljarans\u00f6kan DK&#8221;]<\/p>\n","protected":false},"excerpt":{"rendered":"[contact-form-7 id=&#8221;5914&#8243; title=&#8221;\u00c5terf\u00f6rs\u00e4ljarans\u00f6kan DK&#8221;]","protected":false},"author":2,"featured_media":0,"parent":4666,"menu_order":0,"comment_status":"closed","ping_status":"closed","template":"","meta":{"_acf_changed":false,"footnotes":""},"yst_prominent_words":[],"class_list":["post-5944","page","type-page","status-publish","hentry"],"acf":[],"_links":{"self":[{"href":"https:\/\/www.mattingofficewellness.se\/da\/wp-json\/wp\/v2\/pages\/5944","targetHints":{"allow":["GET"]}}],"collection":[{"href":"https:\/\/www.mattingofficewellness.se\/da\/wp-json\/wp\/v2\/pages"}],"about":[{"href":"https:\/\/www.mattingofficewellness.se\/da\/wp-json\/wp\/v2\/types\/page"}],"author":[{"embeddable":true,"href":"https:\/\/www.mattingofficewellness.se\/da\/wp-json\/wp\/v2\/users\/2"}],"replies":[{"embeddable":true,"href":"https:\/\/www.mattingofficewellness.se\/da\/wp-json\/wp\/v2\/comments?post=5944"}],"version-history":[{"count":0,"href":"https:\/\/www.mattingofficewellness.se\/da\/wp-json\/wp\/v2\/pages\/5944\/revisions"}],"up":[{"embeddable":true,"href":"https:\/\/www.mattingofficewellness.se\/da\/wp-json\/wp\/v2\/pages\/4666"}],"wp:attachment":[{"href":"https:\/\/www.mattingofficewellness.se\/da\/wp-json\/wp\/v2\/media?parent=5944"}],"wp:term":[{"taxonomy":"yst_prominent_words","embeddable":true,"href":"https:\/\/www.mattingofficewellness.se\/da\/wp-json\/wp\/v2\/yst_prominent_words?post=5944"}],"curies":[{"name":"wp","href":"https:\/\/api.w.org\/{rel}","templated":true}]}}