{"id":4854,"date":"2018-12-19T09:34:35","date_gmt":"2018-12-19T08:34:35","guid":{"rendered":"https:\/\/www.mattingofficewellness.se\/produkter\/forskning-viser-at-korrekt-belysning-gor-os-mere-effektive-friskere-og-vi-far-faerre-sygedage\/"},"modified":"2022-01-20T09:30:28","modified_gmt":"2022-01-20T08:30:28","slug":"forskning-viser-at-korrekt-belysning-gor-os-mere-effektive-friskere-og-vi-far-faerre-sygedage","status":"publish","type":"page","link":"https:\/\/www.mattingofficewellness.se\/da\/produkter\/forskning-viser-at-korrekt-belysning-gor-os-mere-effektive-friskere-og-vi-far-faerre-sygedage\/","title":{"rendered":"Forskning viser, at korrekt belysning g\u00f8r os mere effektive, friskere og vi f\u00e5r f\u00e6rre sygedage."},"content":{"rendered":"","protected":false},"excerpt":{"rendered":"","protected":false},"author":2,"featured_media":12320,"parent":4663,"menu_order":0,"comment_status":"closed","ping_status":"closed","template":"template-lightup.php","meta":{"_acf_changed":false,"footnotes":""},"yst_prominent_words":[],"class_list":["post-4854","page","type-page","status-publish","has-post-thumbnail","hentry"],"acf":[],"_links":{"self":[{"href":"https:\/\/www.mattingofficewellness.se\/da\/wp-json\/wp\/v2\/pages\/4854","targetHints":{"allow":["GET"]}}],"collection":[{"href":"https:\/\/www.mattingofficewellness.se\/da\/wp-json\/wp\/v2\/pages"}],"about":[{"href":"https:\/\/www.mattingofficewellness.se\/da\/wp-json\/wp\/v2\/types\/page"}],"author":[{"embeddable":true,"href":"https:\/\/www.mattingofficewellness.se\/da\/wp-json\/wp\/v2\/users\/2"}],"replies":[{"embeddable":true,"href":"https:\/\/www.mattingofficewellness.se\/da\/wp-json\/wp\/v2\/comments?post=4854"}],"version-history":[{"count":0,"href":"https:\/\/www.mattingofficewellness.se\/da\/wp-json\/wp\/v2\/pages\/4854\/revisions"}],"up":[{"embeddable":true,"href":"https:\/\/www.mattingofficewellness.se\/da\/wp-json\/wp\/v2\/pages\/4663"}],"wp:featuredmedia":[{"embeddable":true,"href":"https:\/\/www.mattingofficewellness.se\/da\/wp-json\/wp\/v2\/media\/12320"}],"wp:attachment":[{"href":"https:\/\/www.mattingofficewellness.se\/da\/wp-json\/wp\/v2\/media?parent=4854"}],"wp:term":[{"taxonomy":"yst_prominent_words","embeddable":true,"href":"https:\/\/www.mattingofficewellness.se\/da\/wp-json\/wp\/v2\/yst_prominent_words?post=4854"}],"curies":[{"name":"wp","href":"https:\/\/api.w.org\/{rel}","templated":true}]}}