{"id":4669,"date":"2018-12-17T08:14:10","date_gmt":"2018-12-17T07:14:10","guid":{"rendered":"https:\/\/www.mattingofficewellness.se\/om-os\/kontakt-os\/"},"modified":"2025-03-18T14:48:25","modified_gmt":"2025-03-18T13:48:25","slug":"kontakt-os","status":"publish","type":"page","link":"https:\/\/www.mattingofficewellness.se\/da\/om-os\/kontakt-os\/","title":{"rendered":"Kontakt os"},"content":{"rendered":"<div class=\"text-block \">\n                <div class=\"row \">                <div class=\"columns small-12 medium-4\"><\/p>\n<h4>Ulrica Brandt<\/h4>\n<p>Key Account Manager Interior Design<br \/>\nMobil: +46 70 615 98 88<br \/>\n<a href=\"mailto:ulrica.brandt@matting.se\">ulrica.brandt@matting.se<\/a><\/p>\n<h4>J\u00f6rgen Svensson<\/h4>\n<p>Key Account Manager Office Supplies<br \/>\nMobil: +46 739 20 61 18<br \/>\n<a href=\"mailto:jorgen.svensson@matting.se\">jorgen.svensson@matting.se<\/a><\/p>\n<h4>Theo Ravn Beltoft<\/h4>\n<p>Business Sales Manager<br \/>\nTel:\u00a0<a href=\"tel:+4539300802\">+45 39 30 08 02<\/a><br \/>\n<a href=\"mailto:theo.beltoft@matting.se\">theo.beltoft@matting.se<\/a><\/p>\n<p><\/div>                <div class=\"columns small-12 medium-4\"><\/p>\n<h4>Customer Success<\/h4>\n<p>Tlf: +45 39 30 08 02<br \/>\n<a href=\"mailto:info@matting.dk\">info@matting.dk<\/a><\/p>\n<p><\/div>                <div class=\"columns small-12 medium-4\"><\/p>\n<h4>CEO<\/h4>\n<p>Camilla Elvljung<br \/>\nMobil: +46 702 14 83 89<br \/>\n<a href=\"mailto:camilla.elvljung@matting.se\">camilla.elvljung@matting.se<\/a><\/p>\n<div class=\"text-block \">\n<h4>Sustainability &amp; Quality Manager<\/h4>\n<p>Malin Hellt\u00e9n<br \/>\nMobil: +46 70 767 93 18<br \/>\n<a href=\"mailto:malin.hellten@matting.se\">malin.hellten@matting.se<\/a><\/p>\n<p>&nbsp;<\/p>\n<p><\/div><\/div>\n<\/div>\n<\/div>\n<p>&nbsp;<\/p>\n<div class=\"text-block \">\n<div class=\"text-block \">\n<p style=\"text-align: center;\"><strong>Matting Danmark<\/strong><\/p>\n<p style=\"text-align: center;\">\u00d8stre All\u00e9 6, 9530 St\u00f8vring | Tlf: +45 39 30 08 02 | <a href=\"mailto:info@matting.dk\">info@matting.dk<\/a><\/p>\n<\/div>\n<p>&nbsp;<\/p>\n<\/div>\n<p>&nbsp;<\/p>\n<div class=\"text-block \">\n<div class=\"text-block \">\n<p style=\"text-align: center;\"><strong>Hovedkontor Sverige<\/strong><\/p>\n<p style=\"text-align: center;\">Box 514, SE \u2013 441 15 Alings\u00e5s<br \/>\nKontor: J\u00e4rnv\u00e4gsgatan 11,\u00a0 SE \u2013 441 32 Alings\u00e5s<br \/>\nLager: Tomasg\u00e5rdsv\u00e4gen 19,\u00a0 SE \u2013 441 39 Alings\u00e5s<\/p>\n<p style=\"text-align: center;\">Tlf: +46 322 67 08 00 | <a href=\"mailto:info@matting.se\">info@matting.se<\/a><\/p>\n<\/div>\n<\/div>\n","protected":false},"excerpt":{"rendered":"&nbsp; Matting Danmark \u00d8stre All\u00e9 6, 9530 St\u00f8vring | Tlf: +45 39 30 08 02 | info@matting.dk &nbsp; &nbsp; Hovedkontor Sverige Box 514, SE \u2013 441 15 Alings\u00e5s Kontor: J\u00e4rnv\u00e4gsgatan 11,\u00a0 SE \u2013 441 32 Alings\u00e5s Lager: Tomasg\u00e5rdsv\u00e4gen 19,\u00a0 SE \u2013 441 39 Alings\u00e5s Tlf: +46 322 67 08 00 | info@matting.se","protected":false},"author":2,"featured_media":0,"parent":4666,"menu_order":0,"comment_status":"closed","ping_status":"closed","template":"","meta":{"_acf_changed":false,"footnotes":""},"yst_prominent_words":[504,501,236,500,235,230,498,234,229,226,221,499,213,217,238,233,228,171],"class_list":["post-4669","page","type-page","status-publish","hentry"],"acf":[],"_links":{"self":[{"href":"https:\/\/www.mattingofficewellness.se\/da\/wp-json\/wp\/v2\/pages\/4669","targetHints":{"allow":["GET"]}}],"collection":[{"href":"https:\/\/www.mattingofficewellness.se\/da\/wp-json\/wp\/v2\/pages"}],"about":[{"href":"https:\/\/www.mattingofficewellness.se\/da\/wp-json\/wp\/v2\/types\/page"}],"author":[{"embeddable":true,"href":"https:\/\/www.mattingofficewellness.se\/da\/wp-json\/wp\/v2\/users\/2"}],"replies":[{"embeddable":true,"href":"https:\/\/www.mattingofficewellness.se\/da\/wp-json\/wp\/v2\/comments?post=4669"}],"version-history":[{"count":12,"href":"https:\/\/www.mattingofficewellness.se\/da\/wp-json\/wp\/v2\/pages\/4669\/revisions"}],"predecessor-version":[{"id":24812,"href":"https:\/\/www.mattingofficewellness.se\/da\/wp-json\/wp\/v2\/pages\/4669\/revisions\/24812"}],"up":[{"embeddable":true,"href":"https:\/\/www.mattingofficewellness.se\/da\/wp-json\/wp\/v2\/pages\/4666"}],"wp:attachment":[{"href":"https:\/\/www.mattingofficewellness.se\/da\/wp-json\/wp\/v2\/media?parent=4669"}],"wp:term":[{"taxonomy":"yst_prominent_words","embeddable":true,"href":"https:\/\/www.mattingofficewellness.se\/da\/wp-json\/wp\/v2\/yst_prominent_words?post=4669"}],"curies":[{"name":"wp","href":"https:\/\/api.w.org\/{rel}","templated":true}]}}